{"id":2582,"date":"2017-02-21T11:33:07","date_gmt":"2017-02-21T11:33:07","guid":{"rendered":"http:\/\/erich-thielscher.de\/wp\/?page_id=2582"},"modified":"2017-02-23T07:11:34","modified_gmt":"2017-02-23T07:11:34","slug":"schmetterlinge","status":"publish","type":"page","link":"http:\/\/erich-thielscher.de\/wp\/tiere\/insekten\/schmetterlinge\/","title":{"rendered":"Schmetterlinge"},"content":{"rendered":"<ul style=\"list-style-type: circle;\">\n<li><a href=\"http:\/\/erich-thielscher.de\/wp\/tiere\/insekten\/schmetterlinge\/barenspinner\/\">B\u00e4renspinner<\/a><\/li>\n<li><a href=\"http:\/\/erich-thielscher.de\/wp\/tiere\/insekten\/schmetterlinge\/blaulinge\/\">Bl\u00e4ulinge<\/a><\/li>\n<li><a href=\"http:\/\/erich-thielscher.de\/wp\/tiere\/insekten\/schmetterlinge\/dickkopffalter\/\">Dickkopffalter<\/a><\/li>\n<li><a href=\"http:\/\/erich-thielscher.de\/wp\/tiere\/insekten\/schmetterlinge\/edelfalter\/\">Edelfalter<\/a><\/li>\n<li><a href=\"http:\/\/erich-thielscher.de\/wp\/tiere\/insekten\/schmetterlinge__trashed\/schwarmer\/\">Schw\u00e4rmer<\/a><\/li>\n<li><a href=\"http:\/\/erich-thielscher.de\/wp\/tiere\/insekten\/schmetterlinge__trashed\/eulenfalter\/\">Eulenfalter<\/a><\/li>\n<li><a href=\"http:\/\/erich-thielscher.de\/wp\/tiere\/insekten\/schmetterlinge__trashed\/ritterfalter\/\">Ritterfalter<\/a><\/li>\n<li><a href=\"http:\/\/erich-thielscher.de\/wp\/tiere\/insekten\/schmetterlinge\/schwarmer\/\">Schw\u00e4rmer<\/a><\/li>\n<li><a href=\"http:\/\/erich-thielscher.de\/wp\/tiere\/insekten\/schmetterlinge\/weislinge\/\">Wei\u00dflinge<\/a><\/li>\n<li><a href=\"http:\/\/erich-thielscher.de\/wp\/tiere\/insekten\/schmetterlinge\/schmetterlingshafte\/\">Schmetterlingshafte<\/a><\/li>\n<\/ul>\n","protected":false},"excerpt":{"rendered":"<p>B\u00e4renspinner Bl\u00e4ulinge Dickkopffalter Edelfalter Schw\u00e4rmer Eulenfalter Ritterfalter Schw\u00e4rmer Wei\u00dflinge Schmetterlingshafte<\/p>\n","protected":false},"author":2,"featured_media":0,"parent":68,"menu_order":0,"comment_status":"closed","ping_status":"closed","template":"page-templates\/full-width.php","meta":{"footnotes":""},"_links":{"self":[{"href":"http:\/\/erich-thielscher.de\/wp\/wp-json\/wp\/v2\/pages\/2582"}],"collection":[{"href":"http:\/\/erich-thielscher.de\/wp\/wp-json\/wp\/v2\/pages"}],"about":[{"href":"http:\/\/erich-thielscher.de\/wp\/wp-json\/wp\/v2\/types\/page"}],"author":[{"embeddable":true,"href":"http:\/\/erich-thielscher.de\/wp\/wp-json\/wp\/v2\/users\/2"}],"replies":[{"embeddable":true,"href":"http:\/\/erich-thielscher.de\/wp\/wp-json\/wp\/v2\/comments?post=2582"}],"version-history":[{"count":10,"href":"http:\/\/erich-thielscher.de\/wp\/wp-json\/wp\/v2\/pages\/2582\/revisions"}],"predecessor-version":[{"id":3056,"href":"http:\/\/erich-thielscher.de\/wp\/wp-json\/wp\/v2\/pages\/2582\/revisions\/3056"}],"up":[{"embeddable":true,"href":"http:\/\/erich-thielscher.de\/wp\/wp-json\/wp\/v2\/pages\/68"}],"wp:attachment":[{"href":"http:\/\/erich-thielscher.de\/wp\/wp-json\/wp\/v2\/media?parent=2582"}],"curies":[{"name":"wp","href":"https:\/\/api.w.org\/{rel}","templated":true}]}}